{"id":17262,"date":"2022-11-09T16:54:53","date_gmt":"2022-11-09T21:54:53","guid":{"rendered":"https:\/\/lemay.com\/?page_id=17262"},"modified":"2025-03-19T11:26:25","modified_gmt":"2025-03-19T15:26:25","slug":"edij","status":"publish","type":"page","link":"https:\/\/lemay.com\/fr\/edij\/","title":{"rendered":"E.D.I.J"},"content":{"rendered":"","protected":false},"excerpt":{"rendered":"","protected":false},"author":14,"featured_media":0,"parent":0,"menu_order":0,"comment_status":"closed","ping_status":"closed","template":"","meta":{"_acf_changed":false,"_relevanssi_hide_post":"","_relevanssi_hide_content":"","_relevanssi_pin_for_all":"","_relevanssi_pin_keywords":"","_relevanssi_unpin_keywords":"","_relevanssi_related_keywords":"","_relevanssi_related_include_ids":"0","_relevanssi_related_exclude_ids":"","_relevanssi_related_no_append":"","_relevanssi_related_not_related":"","_relevanssi_related_posts":"20002,19210,22412,20188,24681,22422","_relevanssi_noindex_reason":"","inline_featured_image":false,"footnotes":""},"tags":[160,161,162,163,184],"class_list":["post-17262","page","type-page","status-publish","hentry","tag-canada-west","tag-new-york-metropolitan","tag-greater-toronto","tag-qc","tag-international"],"acf":[],"yoast_head":"<!-- This site is optimized with the Yoast SEO plugin v26.2 - https:\/\/yoast.com\/wordpress\/plugins\/seo\/ -->\n<title>E.D.I.J | LEMAY - Architecture et design<\/title>\n<meta name=\"description\" content=\"Chez Lemay, nous appliquons le principe voulant que toute personne a droit \u00e0 la dignit\u00e9, au respect et \u00e0 l&#039;\u00e9galit\u00e9 des chances.\u00a0 Nous cr\u00e9ons des espaces accessibles qui sont con\u00e7us pour respecter et valoriser les diff\u00e9rences tout en contribuant \u00e0 r\u00e9parer les injustices. L&#039;humain \u00e9tant au c\u0153ur des environnements b\u00e2tis, nous concevons des lieux qui int\u00e8grent et honorent toute la diversit\u00e9 des parcours, incluant ceux des femmes, des peuples autochtones, des communaut\u00e9s ethnoculturelles et LGBTQIA2S+, des personnes handicap\u00e9es et de celles qui se trouvent au carrefour de ces identit\u00e9s. \u00a0 L&#039;\u00e9quit\u00e9, la diversit\u00e9, l&#039;inclusion et la justice font partie int\u00e9grante du travail chez Lemay, car nous savons que le processus de conception donne de meilleurs r\u00e9sultats lorsque toutes les voix sont impliqu\u00e9es.\u00a0\" \/>\n<meta name=\"robots\" content=\"index, follow, max-snippet:-1, max-image-preview:large, max-video-preview:-1\" \/>\n<link rel=\"canonical\" href=\"https:\/\/lemay.com\/fr\/edij\/\" \/>\n<meta property=\"og:locale\" content=\"fr_FR\" \/>\n<meta property=\"og:type\" content=\"article\" \/>\n<meta property=\"og:title\" content=\"E.D.I.J | LEMAY - Architecture et design\" \/>\n<meta property=\"og:description\" content=\"Chez Lemay, nous appliquons le principe voulant que toute personne a droit \u00e0 la dignit\u00e9, au respect et \u00e0 l&#039;\u00e9galit\u00e9 des chances.\u00a0 Nous cr\u00e9ons des espaces accessibles qui sont con\u00e7us pour respecter et valoriser les diff\u00e9rences tout en contribuant \u00e0 r\u00e9parer les injustices. L&#039;humain \u00e9tant au c\u0153ur des environnements b\u00e2tis, nous concevons des lieux qui int\u00e8grent et honorent toute la diversit\u00e9 des parcours, incluant ceux des femmes, des peuples autochtones, des communaut\u00e9s ethnoculturelles et LGBTQIA2S+, des personnes handicap\u00e9es et de celles qui se trouvent au carrefour de ces identit\u00e9s. \u00a0 L&#039;\u00e9quit\u00e9, la diversit\u00e9, l&#039;inclusion et la justice font partie int\u00e9grante du travail chez Lemay, car nous savons que le processus de conception donne de meilleurs r\u00e9sultats lorsque toutes les voix sont impliqu\u00e9es.\u00a0\" \/>\n<meta property=\"og:url\" content=\"https:\/\/lemay.com\/fr\/edij\/\" \/>\n<meta property=\"og:site_name\" content=\"LEMAY - Architecture et design\" \/>\n<meta property=\"article:modified_time\" content=\"2025-03-19T15:26:25+00:00\" \/>\n<meta property=\"og:image\" content=\"https:\/\/lemay.com\/app\/uploads\/2020\/07\/logo-lemay.jpg\" \/>\n\t<meta property=\"og:image:width\" content=\"600\" \/>\n\t<meta property=\"og:image:height\" content=\"600\" \/>\n\t<meta property=\"og:image:type\" content=\"image\/jpeg\" \/>\n<meta name=\"twitter:card\" content=\"summary_large_image\" \/>\n<script type=\"application\/ld+json\" class=\"yoast-schema-graph\">{\"@context\":\"https:\/\/schema.org\",\"@graph\":[{\"@type\":\"WebPage\",\"@id\":\"https:\/\/lemay.com\/fr\/edij\/\",\"url\":\"https:\/\/lemay.com\/fr\/edij\/\",\"name\":\"E.D.I.J | LEMAY - Architecture et design\",\"isPartOf\":{\"@id\":\"https:\/\/lemay.com\/#website\"},\"datePublished\":\"2022-11-09T21:54:53+00:00\",\"dateModified\":\"2025-03-19T15:26:25+00:00\",\"description\":\"Chez Lemay, nous appliquons le principe voulant que toute personne a droit \u00e0 la dignit\u00e9, au respect et \u00e0 l'\u00e9galit\u00e9 des chances.\u00a0 Nous cr\u00e9ons des espaces accessibles qui sont con\u00e7us pour respecter et valoriser les diff\u00e9rences tout en contribuant \u00e0 r\u00e9parer les injustices. L'humain \u00e9tant au c\u0153ur des environnements b\u00e2tis, nous concevons des lieux qui int\u00e8grent et honorent toute la diversit\u00e9 des parcours, incluant ceux des femmes, des peuples autochtones, des communaut\u00e9s ethnoculturelles et LGBTQIA2S+, des personnes handicap\u00e9es et de celles qui se trouvent au carrefour de ces identit\u00e9s. \u00a0 L'\u00e9quit\u00e9, la diversit\u00e9, l'inclusion et la justice font partie int\u00e9grante du travail chez Lemay, car nous savons que le processus de conception donne de meilleurs r\u00e9sultats lorsque toutes les voix sont impliqu\u00e9es.\u00a0\",\"breadcrumb\":{\"@id\":\"https:\/\/lemay.com\/fr\/edij\/#breadcrumb\"},\"inLanguage\":\"fr-FR\",\"potentialAction\":[{\"@type\":\"ReadAction\",\"target\":[\"https:\/\/lemay.com\/fr\/edij\/\"]}]},{\"@type\":\"BreadcrumbList\",\"@id\":\"https:\/\/lemay.com\/fr\/edij\/#breadcrumb\",\"itemListElement\":[{\"@type\":\"ListItem\",\"position\":1,\"name\":\"Home\",\"item\":\"https:\/\/lemay.com\/fr\/\"},{\"@type\":\"ListItem\",\"position\":2,\"name\":\"E.D.I.J\"}]},{\"@type\":\"WebSite\",\"@id\":\"https:\/\/lemay.com\/#website\",\"url\":\"https:\/\/lemay.com\/\",\"name\":\"LEMAY - Architecture et design\",\"description\":\"To create better living environments for communities and future generations.\",\"potentialAction\":[{\"@type\":\"SearchAction\",\"target\":{\"@type\":\"EntryPoint\",\"urlTemplate\":\"https:\/\/lemay.com\/?s={search_term_string}\"},\"query-input\":{\"@type\":\"PropertyValueSpecification\",\"valueRequired\":true,\"valueName\":\"search_term_string\"}}],\"inLanguage\":\"fr-FR\"}]}<\/script>\n<!-- \/ Yoast SEO plugin. -->","yoast_head_json":{"title":"E.D.I.J | LEMAY - Architecture et design","description":"Chez Lemay, nous appliquons le principe voulant que toute personne a droit \u00e0 la dignit\u00e9, au respect et \u00e0 l'\u00e9galit\u00e9 des chances.\u00a0 Nous cr\u00e9ons des espaces accessibles qui sont con\u00e7us pour respecter et valoriser les diff\u00e9rences tout en contribuant \u00e0 r\u00e9parer les injustices. L'humain \u00e9tant au c\u0153ur des environnements b\u00e2tis, nous concevons des lieux qui int\u00e8grent et honorent toute la diversit\u00e9 des parcours, incluant ceux des femmes, des peuples autochtones, des communaut\u00e9s ethnoculturelles et LGBTQIA2S+, des personnes handicap\u00e9es et de celles qui se trouvent au carrefour de ces identit\u00e9s. \u00a0 L'\u00e9quit\u00e9, la diversit\u00e9, l'inclusion et la justice font partie int\u00e9grante du travail chez Lemay, car nous savons que le processus de conception donne de meilleurs r\u00e9sultats lorsque toutes les voix sont impliqu\u00e9es.\u00a0","robots":{"index":"index","follow":"follow","max-snippet":"max-snippet:-1","max-image-preview":"max-image-preview:large","max-video-preview":"max-video-preview:-1"},"canonical":"https:\/\/lemay.com\/fr\/edij\/","og_locale":"fr_FR","og_type":"article","og_title":"E.D.I.J | LEMAY - Architecture et design","og_description":"Chez Lemay, nous appliquons le principe voulant que toute personne a droit \u00e0 la dignit\u00e9, au respect et \u00e0 l'\u00e9galit\u00e9 des chances.\u00a0 Nous cr\u00e9ons des espaces accessibles qui sont con\u00e7us pour respecter et valoriser les diff\u00e9rences tout en contribuant \u00e0 r\u00e9parer les injustices. L'humain \u00e9tant au c\u0153ur des environnements b\u00e2tis, nous concevons des lieux qui int\u00e8grent et honorent toute la diversit\u00e9 des parcours, incluant ceux des femmes, des peuples autochtones, des communaut\u00e9s ethnoculturelles et LGBTQIA2S+, des personnes handicap\u00e9es et de celles qui se trouvent au carrefour de ces identit\u00e9s. \u00a0 L'\u00e9quit\u00e9, la diversit\u00e9, l'inclusion et la justice font partie int\u00e9grante du travail chez Lemay, car nous savons que le processus de conception donne de meilleurs r\u00e9sultats lorsque toutes les voix sont impliqu\u00e9es.\u00a0","og_url":"https:\/\/lemay.com\/fr\/edij\/","og_site_name":"LEMAY - Architecture et design","article_modified_time":"2025-03-19T15:26:25+00:00","og_image":[{"width":600,"height":600,"url":"https:\/\/lemay.com\/app\/uploads\/2020\/07\/logo-lemay.jpg","type":"image\/jpeg"}],"twitter_card":"summary_large_image","schema":{"@context":"https:\/\/schema.org","@graph":[{"@type":"WebPage","@id":"https:\/\/lemay.com\/fr\/edij\/","url":"https:\/\/lemay.com\/fr\/edij\/","name":"E.D.I.J | LEMAY - Architecture et design","isPartOf":{"@id":"https:\/\/lemay.com\/#website"},"datePublished":"2022-11-09T21:54:53+00:00","dateModified":"2025-03-19T15:26:25+00:00","description":"Chez Lemay, nous appliquons le principe voulant que toute personne a droit \u00e0 la dignit\u00e9, au respect et \u00e0 l'\u00e9galit\u00e9 des chances.\u00a0 Nous cr\u00e9ons des espaces accessibles qui sont con\u00e7us pour respecter et valoriser les diff\u00e9rences tout en contribuant \u00e0 r\u00e9parer les injustices. L'humain \u00e9tant au c\u0153ur des environnements b\u00e2tis, nous concevons des lieux qui int\u00e8grent et honorent toute la diversit\u00e9 des parcours, incluant ceux des femmes, des peuples autochtones, des communaut\u00e9s ethnoculturelles et LGBTQIA2S+, des personnes handicap\u00e9es et de celles qui se trouvent au carrefour de ces identit\u00e9s. \u00a0 L'\u00e9quit\u00e9, la diversit\u00e9, l'inclusion et la justice font partie int\u00e9grante du travail chez Lemay, car nous savons que le processus de conception donne de meilleurs r\u00e9sultats lorsque toutes les voix sont impliqu\u00e9es.\u00a0","breadcrumb":{"@id":"https:\/\/lemay.com\/fr\/edij\/#breadcrumb"},"inLanguage":"fr-FR","potentialAction":[{"@type":"ReadAction","target":["https:\/\/lemay.com\/fr\/edij\/"]}]},{"@type":"BreadcrumbList","@id":"https:\/\/lemay.com\/fr\/edij\/#breadcrumb","itemListElement":[{"@type":"ListItem","position":1,"name":"Home","item":"https:\/\/lemay.com\/fr\/"},{"@type":"ListItem","position":2,"name":"E.D.I.J"}]},{"@type":"WebSite","@id":"https:\/\/lemay.com\/#website","url":"https:\/\/lemay.com\/","name":"LEMAY - Architecture et design","description":"To create better living environments for communities and future generations.","potentialAction":[{"@type":"SearchAction","target":{"@type":"EntryPoint","urlTemplate":"https:\/\/lemay.com\/?s={search_term_string}"},"query-input":{"@type":"PropertyValueSpecification","valueRequired":true,"valueName":"search_term_string"}}],"inLanguage":"fr-FR"}]}},"_links":{"self":[{"href":"https:\/\/lemay.com\/fr\/wp-json\/wp\/v2\/pages\/17262","targetHints":{"allow":["GET"]}}],"collection":[{"href":"https:\/\/lemay.com\/fr\/wp-json\/wp\/v2\/pages"}],"about":[{"href":"https:\/\/lemay.com\/fr\/wp-json\/wp\/v2\/types\/page"}],"author":[{"embeddable":true,"href":"https:\/\/lemay.com\/fr\/wp-json\/wp\/v2\/users\/14"}],"replies":[{"embeddable":true,"href":"https:\/\/lemay.com\/fr\/wp-json\/wp\/v2\/comments?post=17262"}],"version-history":[{"count":43,"href":"https:\/\/lemay.com\/fr\/wp-json\/wp\/v2\/pages\/17262\/revisions"}],"predecessor-version":[{"id":23939,"href":"https:\/\/lemay.com\/fr\/wp-json\/wp\/v2\/pages\/17262\/revisions\/23939"}],"wp:attachment":[{"href":"https:\/\/lemay.com\/fr\/wp-json\/wp\/v2\/media?parent=17262"}],"wp:term":[{"taxonomy":"post_tag","embeddable":true,"href":"https:\/\/lemay.com\/fr\/wp-json\/wp\/v2\/tags?post=17262"}],"curies":[{"name":"wp","href":"https:\/\/api.w.org\/{rel}","templated":true}]}}