{"id":18592,"date":"2023-02-24T15:13:43","date_gmt":"2023-02-24T20:13:43","guid":{"rendered":"https:\/\/lemay.com\/?page_id=18592"},"modified":"2023-02-27T14:42:00","modified_gmt":"2023-02-27T19:42:00","slug":"politique-de-confidentialite","status":"publish","type":"page","link":"https:\/\/lemay.com\/fr\/politique-de-confidentialite\/","title":{"rendered":"Politique de confidentialit\u00e9"},"content":{"rendered":"","protected":false},"excerpt":{"rendered":"","protected":false},"author":14,"featured_media":0,"parent":0,"menu_order":0,"comment_status":"closed","ping_status":"closed","template":"","meta":{"_acf_changed":false,"_relevanssi_hide_post":"","_relevanssi_hide_content":"","_relevanssi_pin_for_all":"","_relevanssi_pin_keywords":"","_relevanssi_unpin_keywords":"","_relevanssi_related_keywords":"","_relevanssi_related_include_ids":"0","_relevanssi_related_exclude_ids":"","_relevanssi_related_no_append":"","_relevanssi_related_not_related":"","_relevanssi_related_posts":"22541,9284,13056,12908,12303,13151","_relevanssi_noindex_reason":"","inline_featured_image":false,"footnotes":""},"tags":[162,163,184,160,161],"class_list":["post-18592","page","type-page","status-publish","hentry","tag-greater-toronto","tag-qc","tag-international","tag-canada-west","tag-new-york-metropolitan"],"acf":[],"yoast_head":"<!-- This site is optimized with the Yoast SEO plugin v26.2 - https:\/\/yoast.com\/wordpress\/plugins\/seo\/ -->\n<title>Politique de confidentialit\u00e9 | LEMAY - Architecture et design<\/title>\n<meta name=\"description\" content=\"Notre firme, Lemay CO inc., et ses filiales (pour simplifier, nous dirons \u00ab\u00a0Lemay\u00a0\u00bb) s\u2019engagent \u00e0 assurer la confidentialit\u00e9 et la s\u00e9curit\u00e9 de vos Renseignements personnels, conform\u00e9ment aux lois sur la protection des donn\u00e9es en vigueur. Nous vous invitons \u00e0 lire notre Politique sur la protection des Renseignements personnels (en un mot, \u00ab\u00a0Politique\u00a0\u00bb) pour avoir plus de d\u00e9tails sur les renseignements que Lemay recueille lorsque vous consultez ses propri\u00e9t\u00e9s Web, sur l\u2019usage qu\u2019elle pourrait en faire et sur les moyens qu\u2019elle met en place pour les prot\u00e9ger. &nbsp;\" \/>\n<meta name=\"robots\" content=\"index, follow, max-snippet:-1, max-image-preview:large, max-video-preview:-1\" \/>\n<link rel=\"canonical\" href=\"https:\/\/lemay.com\/fr\/politique-de-confidentialite\/\" \/>\n<meta property=\"og:locale\" content=\"fr_FR\" \/>\n<meta property=\"og:type\" content=\"article\" \/>\n<meta property=\"og:title\" content=\"Politique de confidentialit\u00e9 | LEMAY - Architecture et design\" \/>\n<meta property=\"og:description\" content=\"Notre firme, Lemay CO inc., et ses filiales (pour simplifier, nous dirons \u00ab\u00a0Lemay\u00a0\u00bb) s\u2019engagent \u00e0 assurer la confidentialit\u00e9 et la s\u00e9curit\u00e9 de vos Renseignements personnels, conform\u00e9ment aux lois sur la protection des donn\u00e9es en vigueur. Nous vous invitons \u00e0 lire notre Politique sur la protection des Renseignements personnels (en un mot, \u00ab\u00a0Politique\u00a0\u00bb) pour avoir plus de d\u00e9tails sur les renseignements que Lemay recueille lorsque vous consultez ses propri\u00e9t\u00e9s Web, sur l\u2019usage qu\u2019elle pourrait en faire et sur les moyens qu\u2019elle met en place pour les prot\u00e9ger. &nbsp;\" \/>\n<meta property=\"og:url\" content=\"https:\/\/lemay.com\/fr\/politique-de-confidentialite\/\" \/>\n<meta property=\"og:site_name\" content=\"LEMAY - Architecture et design\" \/>\n<meta property=\"article:modified_time\" content=\"2023-02-27T19:42:00+00:00\" \/>\n<meta property=\"og:image\" content=\"https:\/\/lemay.com\/app\/uploads\/2020\/07\/logo-lemay.jpg\" \/>\n\t<meta property=\"og:image:width\" content=\"600\" \/>\n\t<meta property=\"og:image:height\" content=\"600\" \/>\n\t<meta property=\"og:image:type\" content=\"image\/jpeg\" \/>\n<meta name=\"twitter:card\" content=\"summary_large_image\" \/>\n<script type=\"application\/ld+json\" class=\"yoast-schema-graph\">{\"@context\":\"https:\/\/schema.org\",\"@graph\":[{\"@type\":\"WebPage\",\"@id\":\"https:\/\/lemay.com\/fr\/politique-de-confidentialite\/\",\"url\":\"https:\/\/lemay.com\/fr\/politique-de-confidentialite\/\",\"name\":\"Politique de confidentialit\u00e9 | LEMAY - Architecture et design\",\"isPartOf\":{\"@id\":\"https:\/\/lemay.com\/#website\"},\"datePublished\":\"2023-02-24T20:13:43+00:00\",\"dateModified\":\"2023-02-27T19:42:00+00:00\",\"description\":\"Notre firme, Lemay CO inc., et ses filiales (pour simplifier, nous dirons \u00ab\u00a0Lemay\u00a0\u00bb) s\u2019engagent \u00e0 assurer la confidentialit\u00e9 et la s\u00e9curit\u00e9 de vos Renseignements personnels, conform\u00e9ment aux lois sur la protection des donn\u00e9es en vigueur. Nous vous invitons \u00e0 lire notre Politique sur la protection des Renseignements personnels (en un mot, \u00ab\u00a0Politique\u00a0\u00bb) pour avoir plus de d\u00e9tails sur les renseignements que Lemay recueille lorsque vous consultez ses propri\u00e9t\u00e9s Web, sur l\u2019usage qu\u2019elle pourrait en faire et sur les moyens qu\u2019elle met en place pour les prot\u00e9ger. &nbsp;\",\"breadcrumb\":{\"@id\":\"https:\/\/lemay.com\/fr\/politique-de-confidentialite\/#breadcrumb\"},\"inLanguage\":\"fr-FR\",\"potentialAction\":[{\"@type\":\"ReadAction\",\"target\":[\"https:\/\/lemay.com\/fr\/politique-de-confidentialite\/\"]}]},{\"@type\":\"BreadcrumbList\",\"@id\":\"https:\/\/lemay.com\/fr\/politique-de-confidentialite\/#breadcrumb\",\"itemListElement\":[{\"@type\":\"ListItem\",\"position\":1,\"name\":\"Home\",\"item\":\"https:\/\/lemay.com\/fr\/\"},{\"@type\":\"ListItem\",\"position\":2,\"name\":\"Politique de confidentialit\u00e9\"}]},{\"@type\":\"WebSite\",\"@id\":\"https:\/\/lemay.com\/#website\",\"url\":\"https:\/\/lemay.com\/\",\"name\":\"LEMAY - Architecture et design\",\"description\":\"To create better living environments for communities and future generations.\",\"potentialAction\":[{\"@type\":\"SearchAction\",\"target\":{\"@type\":\"EntryPoint\",\"urlTemplate\":\"https:\/\/lemay.com\/?s={search_term_string}\"},\"query-input\":{\"@type\":\"PropertyValueSpecification\",\"valueRequired\":true,\"valueName\":\"search_term_string\"}}],\"inLanguage\":\"fr-FR\"}]}<\/script>\n<!-- \/ Yoast SEO plugin. -->","yoast_head_json":{"title":"Politique de confidentialit\u00e9 | LEMAY - Architecture et design","description":"Notre firme, Lemay CO inc., et ses filiales (pour simplifier, nous dirons \u00ab\u00a0Lemay\u00a0\u00bb) s\u2019engagent \u00e0 assurer la confidentialit\u00e9 et la s\u00e9curit\u00e9 de vos Renseignements personnels, conform\u00e9ment aux lois sur la protection des donn\u00e9es en vigueur. Nous vous invitons \u00e0 lire notre Politique sur la protection des Renseignements personnels (en un mot, \u00ab\u00a0Politique\u00a0\u00bb) pour avoir plus de d\u00e9tails sur les renseignements que Lemay recueille lorsque vous consultez ses propri\u00e9t\u00e9s Web, sur l\u2019usage qu\u2019elle pourrait en faire et sur les moyens qu\u2019elle met en place pour les prot\u00e9ger. &nbsp;","robots":{"index":"index","follow":"follow","max-snippet":"max-snippet:-1","max-image-preview":"max-image-preview:large","max-video-preview":"max-video-preview:-1"},"canonical":"https:\/\/lemay.com\/fr\/politique-de-confidentialite\/","og_locale":"fr_FR","og_type":"article","og_title":"Politique de confidentialit\u00e9 | LEMAY - Architecture et design","og_description":"Notre firme, Lemay CO inc., et ses filiales (pour simplifier, nous dirons \u00ab\u00a0Lemay\u00a0\u00bb) s\u2019engagent \u00e0 assurer la confidentialit\u00e9 et la s\u00e9curit\u00e9 de vos Renseignements personnels, conform\u00e9ment aux lois sur la protection des donn\u00e9es en vigueur. Nous vous invitons \u00e0 lire notre Politique sur la protection des Renseignements personnels (en un mot, \u00ab\u00a0Politique\u00a0\u00bb) pour avoir plus de d\u00e9tails sur les renseignements que Lemay recueille lorsque vous consultez ses propri\u00e9t\u00e9s Web, sur l\u2019usage qu\u2019elle pourrait en faire et sur les moyens qu\u2019elle met en place pour les prot\u00e9ger. &nbsp;","og_url":"https:\/\/lemay.com\/fr\/politique-de-confidentialite\/","og_site_name":"LEMAY - Architecture et design","article_modified_time":"2023-02-27T19:42:00+00:00","og_image":[{"width":600,"height":600,"url":"https:\/\/lemay.com\/app\/uploads\/2020\/07\/logo-lemay.jpg","type":"image\/jpeg"}],"twitter_card":"summary_large_image","schema":{"@context":"https:\/\/schema.org","@graph":[{"@type":"WebPage","@id":"https:\/\/lemay.com\/fr\/politique-de-confidentialite\/","url":"https:\/\/lemay.com\/fr\/politique-de-confidentialite\/","name":"Politique de confidentialit\u00e9 | LEMAY - Architecture et design","isPartOf":{"@id":"https:\/\/lemay.com\/#website"},"datePublished":"2023-02-24T20:13:43+00:00","dateModified":"2023-02-27T19:42:00+00:00","description":"Notre firme, Lemay CO inc., et ses filiales (pour simplifier, nous dirons \u00ab\u00a0Lemay\u00a0\u00bb) s\u2019engagent \u00e0 assurer la confidentialit\u00e9 et la s\u00e9curit\u00e9 de vos Renseignements personnels, conform\u00e9ment aux lois sur la protection des donn\u00e9es en vigueur. Nous vous invitons \u00e0 lire notre Politique sur la protection des Renseignements personnels (en un mot, \u00ab\u00a0Politique\u00a0\u00bb) pour avoir plus de d\u00e9tails sur les renseignements que Lemay recueille lorsque vous consultez ses propri\u00e9t\u00e9s Web, sur l\u2019usage qu\u2019elle pourrait en faire et sur les moyens qu\u2019elle met en place pour les prot\u00e9ger. &nbsp;","breadcrumb":{"@id":"https:\/\/lemay.com\/fr\/politique-de-confidentialite\/#breadcrumb"},"inLanguage":"fr-FR","potentialAction":[{"@type":"ReadAction","target":["https:\/\/lemay.com\/fr\/politique-de-confidentialite\/"]}]},{"@type":"BreadcrumbList","@id":"https:\/\/lemay.com\/fr\/politique-de-confidentialite\/#breadcrumb","itemListElement":[{"@type":"ListItem","position":1,"name":"Home","item":"https:\/\/lemay.com\/fr\/"},{"@type":"ListItem","position":2,"name":"Politique de confidentialit\u00e9"}]},{"@type":"WebSite","@id":"https:\/\/lemay.com\/#website","url":"https:\/\/lemay.com\/","name":"LEMAY - Architecture et design","description":"To create better living environments for communities and future generations.","potentialAction":[{"@type":"SearchAction","target":{"@type":"EntryPoint","urlTemplate":"https:\/\/lemay.com\/?s={search_term_string}"},"query-input":{"@type":"PropertyValueSpecification","valueRequired":true,"valueName":"search_term_string"}}],"inLanguage":"fr-FR"}]}},"_links":{"self":[{"href":"https:\/\/lemay.com\/fr\/wp-json\/wp\/v2\/pages\/18592","targetHints":{"allow":["GET"]}}],"collection":[{"href":"https:\/\/lemay.com\/fr\/wp-json\/wp\/v2\/pages"}],"about":[{"href":"https:\/\/lemay.com\/fr\/wp-json\/wp\/v2\/types\/page"}],"author":[{"embeddable":true,"href":"https:\/\/lemay.com\/fr\/wp-json\/wp\/v2\/users\/14"}],"replies":[{"embeddable":true,"href":"https:\/\/lemay.com\/fr\/wp-json\/wp\/v2\/comments?post=18592"}],"version-history":[{"count":5,"href":"https:\/\/lemay.com\/fr\/wp-json\/wp\/v2\/pages\/18592\/revisions"}],"predecessor-version":[{"id":18609,"href":"https:\/\/lemay.com\/fr\/wp-json\/wp\/v2\/pages\/18592\/revisions\/18609"}],"wp:attachment":[{"href":"https:\/\/lemay.com\/fr\/wp-json\/wp\/v2\/media?parent=18592"}],"wp:term":[{"taxonomy":"post_tag","embeddable":true,"href":"https:\/\/lemay.com\/fr\/wp-json\/wp\/v2\/tags?post=18592"}],"curies":[{"name":"wp","href":"https:\/\/api.w.org\/{rel}","templated":true}]}}