{"id":23504,"date":"2025-02-05T13:36:52","date_gmt":"2025-02-05T18:36:52","guid":{"rendered":"https:\/\/lemay.com\/?page_id=23504"},"modified":"2025-02-05T13:46:31","modified_gmt":"2025-02-05T18:46:31","slug":"declaration-territoriale","status":"publish","type":"page","link":"https:\/\/lemay.com\/fr\/declaration-territoriale\/","title":{"rendered":"D\u00e9claration Territoriale"},"content":{"rendered":"","protected":false},"excerpt":{"rendered":"","protected":false},"author":14,"featured_media":0,"parent":0,"menu_order":0,"comment_status":"closed","ping_status":"closed","template":"","meta":{"_acf_changed":false,"_relevanssi_hide_post":"","_relevanssi_hide_content":"","_relevanssi_pin_for_all":"","_relevanssi_pin_keywords":"","_relevanssi_unpin_keywords":"","_relevanssi_related_keywords":"","_relevanssi_related_include_ids":"0","_relevanssi_related_exclude_ids":"","_relevanssi_related_no_append":"","_relevanssi_related_not_related":"","_relevanssi_related_posts":"15461,9284,19480,20273,15841,22412","_relevanssi_noindex_reason":"","inline_featured_image":false,"footnotes":""},"tags":[160,161,162,163,184],"class_list":["post-23504","page","type-page","status-publish","hentry","tag-canada-west","tag-new-york-metropolitan","tag-greater-toronto","tag-qc","tag-international"],"acf":[],"yoast_head":"<!-- This site is optimized with the Yoast SEO plugin v26.2 - https:\/\/yoast.com\/wordpress\/plugins\/seo\/ -->\n<title>D\u00e9claration Territoriale | LEMAY - Architecture et design<\/title>\n<meta name=\"description\" content=\"Nous reconnaissons que nos diff\u00e9rents bureaux et projets sont situ\u00e9s sur des territoires autochtones traditionnels non c\u00e9d\u00e9s, et que diverses nations issues des Premi\u00e8res Nations, des M\u00e9tis et des Inuits sont les gardiens ancestraux des terres et des eaux de ces territoires. Nous sommes aussi conscients que la pratique de l&#039;architecture a historiquement contribu\u00e9 et continue de contribuer \u00e0 l&#039;assimilation culturelle et la colonisation et a caus\u00e9 des impacts sur les modes de vie autochtones. Nous croyons que les architectes ont une responsabilit\u00e9 fondamentale dans la r\u00e9paration de ces injustices en soutenant la souverainet\u00e9, la prosp\u00e9rit\u00e9 et l&#039;am\u00e9lioration de la qualit\u00e9 de vie des communaut\u00e9s touch\u00e9es par notre travail.\u00a0 Cette reconnaissance fait partie de notre engagement ferme en faveur de l&#039;affirmation et de la promotion des voix et des valeurs autochtones. Nous tenons \u00e0 faire preuve de sensibilit\u00e9, d&#039;\u00e9coute et d&#039;humilit\u00e9 afin d&#039;\u00e9tablir\u00a0des relations durables bas\u00e9es sur la collaboration et la coop\u00e9ration. Nous sommes d\u00e9termin\u00e9s \u00e0 travailler \u00e0 la d\u00e9colonisation de notre pratique et \u00e0 faire des efforts vers la r\u00e9conciliation.\u00a0\" \/>\n<meta name=\"robots\" content=\"index, follow, max-snippet:-1, max-image-preview:large, max-video-preview:-1\" \/>\n<link rel=\"canonical\" href=\"https:\/\/lemay.com\/fr\/declaration-territoriale\/\" \/>\n<meta property=\"og:locale\" content=\"fr_FR\" \/>\n<meta property=\"og:type\" content=\"article\" \/>\n<meta property=\"og:title\" content=\"D\u00e9claration Territoriale | LEMAY - Architecture et design\" \/>\n<meta property=\"og:description\" content=\"Nous reconnaissons que nos diff\u00e9rents bureaux et projets sont situ\u00e9s sur des territoires autochtones traditionnels non c\u00e9d\u00e9s, et que diverses nations issues des Premi\u00e8res Nations, des M\u00e9tis et des Inuits sont les gardiens ancestraux des terres et des eaux de ces territoires. Nous sommes aussi conscients que la pratique de l&#039;architecture a historiquement contribu\u00e9 et continue de contribuer \u00e0 l&#039;assimilation culturelle et la colonisation et a caus\u00e9 des impacts sur les modes de vie autochtones. Nous croyons que les architectes ont une responsabilit\u00e9 fondamentale dans la r\u00e9paration de ces injustices en soutenant la souverainet\u00e9, la prosp\u00e9rit\u00e9 et l&#039;am\u00e9lioration de la qualit\u00e9 de vie des communaut\u00e9s touch\u00e9es par notre travail.\u00a0 Cette reconnaissance fait partie de notre engagement ferme en faveur de l&#039;affirmation et de la promotion des voix et des valeurs autochtones. Nous tenons \u00e0 faire preuve de sensibilit\u00e9, d&#039;\u00e9coute et d&#039;humilit\u00e9 afin d&#039;\u00e9tablir\u00a0des relations durables bas\u00e9es sur la collaboration et la coop\u00e9ration. Nous sommes d\u00e9termin\u00e9s \u00e0 travailler \u00e0 la d\u00e9colonisation de notre pratique et \u00e0 faire des efforts vers la r\u00e9conciliation.\u00a0\" \/>\n<meta property=\"og:url\" content=\"https:\/\/lemay.com\/fr\/declaration-territoriale\/\" \/>\n<meta property=\"og:site_name\" content=\"LEMAY - Architecture et design\" \/>\n<meta property=\"article:modified_time\" content=\"2025-02-05T18:46:31+00:00\" \/>\n<meta property=\"og:image\" content=\"https:\/\/lemay.com\/app\/uploads\/2020\/07\/logo-lemay.jpg\" \/>\n\t<meta property=\"og:image:width\" content=\"600\" \/>\n\t<meta property=\"og:image:height\" content=\"600\" \/>\n\t<meta property=\"og:image:type\" content=\"image\/jpeg\" \/>\n<meta name=\"twitter:card\" content=\"summary_large_image\" \/>\n<script type=\"application\/ld+json\" class=\"yoast-schema-graph\">{\"@context\":\"https:\/\/schema.org\",\"@graph\":[{\"@type\":\"WebPage\",\"@id\":\"https:\/\/lemay.com\/fr\/declaration-territoriale\/\",\"url\":\"https:\/\/lemay.com\/fr\/declaration-territoriale\/\",\"name\":\"D\u00e9claration Territoriale | LEMAY - Architecture et design\",\"isPartOf\":{\"@id\":\"https:\/\/lemay.com\/#website\"},\"datePublished\":\"2025-02-05T18:36:52+00:00\",\"dateModified\":\"2025-02-05T18:46:31+00:00\",\"description\":\"Nous reconnaissons que nos diff\u00e9rents bureaux et projets sont situ\u00e9s sur des territoires autochtones traditionnels non c\u00e9d\u00e9s, et que diverses nations issues des Premi\u00e8res Nations, des M\u00e9tis et des Inuits sont les gardiens ancestraux des terres et des eaux de ces territoires. Nous sommes aussi conscients que la pratique de l'architecture a historiquement contribu\u00e9 et continue de contribuer \u00e0 l'assimilation culturelle et la colonisation et a caus\u00e9 des impacts sur les modes de vie autochtones. Nous croyons que les architectes ont une responsabilit\u00e9 fondamentale dans la r\u00e9paration de ces injustices en soutenant la souverainet\u00e9, la prosp\u00e9rit\u00e9 et l'am\u00e9lioration de la qualit\u00e9 de vie des communaut\u00e9s touch\u00e9es par notre travail.\u00a0 Cette reconnaissance fait partie de notre engagement ferme en faveur de l'affirmation et de la promotion des voix et des valeurs autochtones. Nous tenons \u00e0 faire preuve de sensibilit\u00e9, d'\u00e9coute et d'humilit\u00e9 afin d'\u00e9tablir\u00a0des relations durables bas\u00e9es sur la collaboration et la coop\u00e9ration. Nous sommes d\u00e9termin\u00e9s \u00e0 travailler \u00e0 la d\u00e9colonisation de notre pratique et \u00e0 faire des efforts vers la r\u00e9conciliation.\u00a0\",\"breadcrumb\":{\"@id\":\"https:\/\/lemay.com\/fr\/declaration-territoriale\/#breadcrumb\"},\"inLanguage\":\"fr-FR\",\"potentialAction\":[{\"@type\":\"ReadAction\",\"target\":[\"https:\/\/lemay.com\/fr\/declaration-territoriale\/\"]}]},{\"@type\":\"BreadcrumbList\",\"@id\":\"https:\/\/lemay.com\/fr\/declaration-territoriale\/#breadcrumb\",\"itemListElement\":[{\"@type\":\"ListItem\",\"position\":1,\"name\":\"Home\",\"item\":\"https:\/\/lemay.com\/fr\/\"},{\"@type\":\"ListItem\",\"position\":2,\"name\":\"D\u00e9claration Territoriale\"}]},{\"@type\":\"WebSite\",\"@id\":\"https:\/\/lemay.com\/#website\",\"url\":\"https:\/\/lemay.com\/\",\"name\":\"LEMAY - Architecture et design\",\"description\":\"To create better living environments for communities and future generations.\",\"potentialAction\":[{\"@type\":\"SearchAction\",\"target\":{\"@type\":\"EntryPoint\",\"urlTemplate\":\"https:\/\/lemay.com\/?s={search_term_string}\"},\"query-input\":{\"@type\":\"PropertyValueSpecification\",\"valueRequired\":true,\"valueName\":\"search_term_string\"}}],\"inLanguage\":\"fr-FR\"}]}<\/script>\n<!-- \/ Yoast SEO plugin. -->","yoast_head_json":{"title":"D\u00e9claration Territoriale | LEMAY - Architecture et design","description":"Nous reconnaissons que nos diff\u00e9rents bureaux et projets sont situ\u00e9s sur des territoires autochtones traditionnels non c\u00e9d\u00e9s, et que diverses nations issues des Premi\u00e8res Nations, des M\u00e9tis et des Inuits sont les gardiens ancestraux des terres et des eaux de ces territoires. Nous sommes aussi conscients que la pratique de l'architecture a historiquement contribu\u00e9 et continue de contribuer \u00e0 l'assimilation culturelle et la colonisation et a caus\u00e9 des impacts sur les modes de vie autochtones. Nous croyons que les architectes ont une responsabilit\u00e9 fondamentale dans la r\u00e9paration de ces injustices en soutenant la souverainet\u00e9, la prosp\u00e9rit\u00e9 et l'am\u00e9lioration de la qualit\u00e9 de vie des communaut\u00e9s touch\u00e9es par notre travail.\u00a0 Cette reconnaissance fait partie de notre engagement ferme en faveur de l'affirmation et de la promotion des voix et des valeurs autochtones. Nous tenons \u00e0 faire preuve de sensibilit\u00e9, d'\u00e9coute et d'humilit\u00e9 afin d'\u00e9tablir\u00a0des relations durables bas\u00e9es sur la collaboration et la coop\u00e9ration. Nous sommes d\u00e9termin\u00e9s \u00e0 travailler \u00e0 la d\u00e9colonisation de notre pratique et \u00e0 faire des efforts vers la r\u00e9conciliation.\u00a0","robots":{"index":"index","follow":"follow","max-snippet":"max-snippet:-1","max-image-preview":"max-image-preview:large","max-video-preview":"max-video-preview:-1"},"canonical":"https:\/\/lemay.com\/fr\/declaration-territoriale\/","og_locale":"fr_FR","og_type":"article","og_title":"D\u00e9claration Territoriale | LEMAY - Architecture et design","og_description":"Nous reconnaissons que nos diff\u00e9rents bureaux et projets sont situ\u00e9s sur des territoires autochtones traditionnels non c\u00e9d\u00e9s, et que diverses nations issues des Premi\u00e8res Nations, des M\u00e9tis et des Inuits sont les gardiens ancestraux des terres et des eaux de ces territoires. Nous sommes aussi conscients que la pratique de l'architecture a historiquement contribu\u00e9 et continue de contribuer \u00e0 l'assimilation culturelle et la colonisation et a caus\u00e9 des impacts sur les modes de vie autochtones. Nous croyons que les architectes ont une responsabilit\u00e9 fondamentale dans la r\u00e9paration de ces injustices en soutenant la souverainet\u00e9, la prosp\u00e9rit\u00e9 et l'am\u00e9lioration de la qualit\u00e9 de vie des communaut\u00e9s touch\u00e9es par notre travail.\u00a0 Cette reconnaissance fait partie de notre engagement ferme en faveur de l'affirmation et de la promotion des voix et des valeurs autochtones. Nous tenons \u00e0 faire preuve de sensibilit\u00e9, d'\u00e9coute et d'humilit\u00e9 afin d'\u00e9tablir\u00a0des relations durables bas\u00e9es sur la collaboration et la coop\u00e9ration. Nous sommes d\u00e9termin\u00e9s \u00e0 travailler \u00e0 la d\u00e9colonisation de notre pratique et \u00e0 faire des efforts vers la r\u00e9conciliation.\u00a0","og_url":"https:\/\/lemay.com\/fr\/declaration-territoriale\/","og_site_name":"LEMAY - Architecture et design","article_modified_time":"2025-02-05T18:46:31+00:00","og_image":[{"width":600,"height":600,"url":"https:\/\/lemay.com\/app\/uploads\/2020\/07\/logo-lemay.jpg","type":"image\/jpeg"}],"twitter_card":"summary_large_image","schema":{"@context":"https:\/\/schema.org","@graph":[{"@type":"WebPage","@id":"https:\/\/lemay.com\/fr\/declaration-territoriale\/","url":"https:\/\/lemay.com\/fr\/declaration-territoriale\/","name":"D\u00e9claration Territoriale | LEMAY - Architecture et design","isPartOf":{"@id":"https:\/\/lemay.com\/#website"},"datePublished":"2025-02-05T18:36:52+00:00","dateModified":"2025-02-05T18:46:31+00:00","description":"Nous reconnaissons que nos diff\u00e9rents bureaux et projets sont situ\u00e9s sur des territoires autochtones traditionnels non c\u00e9d\u00e9s, et que diverses nations issues des Premi\u00e8res Nations, des M\u00e9tis et des Inuits sont les gardiens ancestraux des terres et des eaux de ces territoires. Nous sommes aussi conscients que la pratique de l'architecture a historiquement contribu\u00e9 et continue de contribuer \u00e0 l'assimilation culturelle et la colonisation et a caus\u00e9 des impacts sur les modes de vie autochtones. Nous croyons que les architectes ont une responsabilit\u00e9 fondamentale dans la r\u00e9paration de ces injustices en soutenant la souverainet\u00e9, la prosp\u00e9rit\u00e9 et l'am\u00e9lioration de la qualit\u00e9 de vie des communaut\u00e9s touch\u00e9es par notre travail.\u00a0 Cette reconnaissance fait partie de notre engagement ferme en faveur de l'affirmation et de la promotion des voix et des valeurs autochtones. Nous tenons \u00e0 faire preuve de sensibilit\u00e9, d'\u00e9coute et d'humilit\u00e9 afin d'\u00e9tablir\u00a0des relations durables bas\u00e9es sur la collaboration et la coop\u00e9ration. Nous sommes d\u00e9termin\u00e9s \u00e0 travailler \u00e0 la d\u00e9colonisation de notre pratique et \u00e0 faire des efforts vers la r\u00e9conciliation.\u00a0","breadcrumb":{"@id":"https:\/\/lemay.com\/fr\/declaration-territoriale\/#breadcrumb"},"inLanguage":"fr-FR","potentialAction":[{"@type":"ReadAction","target":["https:\/\/lemay.com\/fr\/declaration-territoriale\/"]}]},{"@type":"BreadcrumbList","@id":"https:\/\/lemay.com\/fr\/declaration-territoriale\/#breadcrumb","itemListElement":[{"@type":"ListItem","position":1,"name":"Home","item":"https:\/\/lemay.com\/fr\/"},{"@type":"ListItem","position":2,"name":"D\u00e9claration Territoriale"}]},{"@type":"WebSite","@id":"https:\/\/lemay.com\/#website","url":"https:\/\/lemay.com\/","name":"LEMAY - Architecture et design","description":"To create better living environments for communities and future generations.","potentialAction":[{"@type":"SearchAction","target":{"@type":"EntryPoint","urlTemplate":"https:\/\/lemay.com\/?s={search_term_string}"},"query-input":{"@type":"PropertyValueSpecification","valueRequired":true,"valueName":"search_term_string"}}],"inLanguage":"fr-FR"}]}},"_links":{"self":[{"href":"https:\/\/lemay.com\/fr\/wp-json\/wp\/v2\/pages\/23504","targetHints":{"allow":["GET"]}}],"collection":[{"href":"https:\/\/lemay.com\/fr\/wp-json\/wp\/v2\/pages"}],"about":[{"href":"https:\/\/lemay.com\/fr\/wp-json\/wp\/v2\/types\/page"}],"author":[{"embeddable":true,"href":"https:\/\/lemay.com\/fr\/wp-json\/wp\/v2\/users\/14"}],"replies":[{"embeddable":true,"href":"https:\/\/lemay.com\/fr\/wp-json\/wp\/v2\/comments?post=23504"}],"version-history":[{"count":1,"href":"https:\/\/lemay.com\/fr\/wp-json\/wp\/v2\/pages\/23504\/revisions"}],"predecessor-version":[{"id":23510,"href":"https:\/\/lemay.com\/fr\/wp-json\/wp\/v2\/pages\/23504\/revisions\/23510"}],"wp:attachment":[{"href":"https:\/\/lemay.com\/fr\/wp-json\/wp\/v2\/media?parent=23504"}],"wp:term":[{"taxonomy":"post_tag","embeddable":true,"href":"https:\/\/lemay.com\/fr\/wp-json\/wp\/v2\/tags?post=23504"}],"curies":[{"name":"wp","href":"https:\/\/api.w.org\/{rel}","templated":true}]}}